{"id":1949,"date":"2023-12-20T20:09:38","date_gmt":"2023-12-20T20:09:38","guid":{"rendered":"https:\/\/pc.uneltevinsibere.ro\/?post_type=product&#038;p=1949"},"modified":"2023-12-20T20:10:10","modified_gmt":"2023-12-20T20:10:10","slug":"extract-de-malt-coopers-mexican-cerveza","status":"publish","type":"product","link":"https:\/\/pc.uneltevinsibere.ro\/?product=extract-de-malt-coopers-mexican-cerveza","title":{"rendered":"EXTRACT DE MALT COOPERS MEXICAN CERVEZA"},"content":{"rendered":"<p><span class=\"notranslate\">Malt preg\u0103tit s\u0103 produc\u0103 23 de litri de bere tip &#8220;Cerveza mexican\u0103&#8221;, cu o culoare galben\u00a0 pai .<\/span><br \/>\n<span class=\"notranslate\"> Un lager dulce, delicat \u0219i cu arom\u0103 fin\u0103, revigoranta. Se recomanda servirea ei la 8\u00b0C si cu o felie de lamaie.<br \/>\n<\/span><\/p>\n<p><span class=\"notranslate\">Pachetul con\u021bine un plic de drojdie uscat\u0103.<\/span> <span class=\"notranslate\"><br \/>\n<\/span><\/p>\n<p>Necesita 1 kg de zahar si apa proaspata( recomandat apa de izvor).<\/p>\n<p>&nbsp;<\/p>\n","protected":false},"excerpt":{"rendered":"<p>MALT BERE COOPERS MEXICAN CERVEZA 1,7 KG<\/p>\n","protected":false},"featured_media":2033,"comment_status":"closed","ping_status":"closed","template":"","meta":[],"etheme_brands":[],"product_cat":[48,68],"product_tag":[],"class_list":{"0":"post-1949","1":"product","2":"type-product","3":"status-publish","4":"has-post-thumbnail","6":"product_cat-bere","7":"product_cat-extract-de-malt","9":"first","10":"outofstock","11":"shipping-taxable","12":"purchasable","13":"product-type-simple"},"jetpack_sharing_enabled":true,"_links":{"self":[{"href":"https:\/\/pc.uneltevinsibere.ro\/index.php?rest_route=\/wp\/v2\/product\/1949","targetHints":{"allow":["GET"]}}],"collection":[{"href":"https:\/\/pc.uneltevinsibere.ro\/index.php?rest_route=\/wp\/v2\/product"}],"about":[{"href":"https:\/\/pc.uneltevinsibere.ro\/index.php?rest_route=\/wp\/v2\/types\/product"}],"replies":[{"embeddable":true,"href":"https:\/\/pc.uneltevinsibere.ro\/index.php?rest_route=%2Fwp%2Fv2%2Fcomments&post=1949"}],"version-history":[{"count":1,"href":"https:\/\/pc.uneltevinsibere.ro\/index.php?rest_route=\/wp\/v2\/product\/1949\/revisions"}],"predecessor-version":[{"id":2035,"href":"https:\/\/pc.uneltevinsibere.ro\/index.php?rest_route=\/wp\/v2\/product\/1949\/revisions\/2035"}],"wp:featuredmedia":[{"embeddable":true,"href":"https:\/\/pc.uneltevinsibere.ro\/index.php?rest_route=\/wp\/v2\/media\/2033"}],"wp:attachment":[{"href":"https:\/\/pc.uneltevinsibere.ro\/index.php?rest_route=%2Fwp%2Fv2%2Fmedia&parent=1949"}],"wp:term":[{"taxonomy":"brand","embeddable":true,"href":"https:\/\/pc.uneltevinsibere.ro\/index.php?rest_route=%2Fwp%2Fv2%2Fetheme_brands&post=1949"},{"taxonomy":"product_cat","embeddable":true,"href":"https:\/\/pc.uneltevinsibere.ro\/index.php?rest_route=%2Fwp%2Fv2%2Fproduct_cat&post=1949"},{"taxonomy":"product_tag","embeddable":true,"href":"https:\/\/pc.uneltevinsibere.ro\/index.php?rest_route=%2Fwp%2Fv2%2Fproduct_tag&post=1949"}],"curies":[{"name":"wp","href":"https:\/\/api.w.org\/{rel}","templated":true}]}}