{"id":1899,"date":"2023-12-20T20:09:16","date_gmt":"2023-12-20T20:09:16","guid":{"rendered":"https:\/\/pc.uneltevinsibere.ro\/?post_type=product&#038;p=1899"},"modified":"2023-12-20T20:09:59","modified_gmt":"2023-12-20T20:09:59","slug":"extract-de-malt-bere-black-rock-colonial-lager","status":"publish","type":"product","link":"https:\/\/pc.uneltevinsibere.ro\/?product=extract-de-malt-bere-black-rock-colonial-lager","title":{"rendered":"EXTRACT DE MALT BERE BLACK ROCK COLONIAL LAGER"},"content":{"rendered":"<p><span class=\"notranslate\">Extractul din malt\u00a0 de bere \u201eColonial Lager\u201d pentru producerea a 23 de litri de bere de culoare galben\u0103 pai, u\u0219or corporal\u0103.<\/span> <span class=\"notranslate\"> Inspirat\u0103 de lagerele germane, aceast\u0103 bere blond\u0103 Lager din Noua Zeeland\u0103 este u\u0219oar\u0103, uscat\u0103 \u0219i deosebit de r\u0103coritoare.<\/span>\u00a0S-au folosit malt din orz de Canterbury si\u00a0 hamei Nelson, pentru o bere gustoasa si naturala.<\/p>\n<p>Ingrediente:\u00a0 Malt &#8211; Lager<\/p>\n<p>Hamei : Green Bullet, Pacific Jade<\/p>\n<p><span class=\"notranslate\">Pachetul con\u021bine un plic de drojdie uscat\u0103.<\/span><\/p>\n<p>Se recomanda a\u00a0<span class=\"notranslate\"> fi servita la 8 \u00b0 C.<\/span><\/p>\n<p>Necesita 1 kg de zahar si apa proaspata( recomandat apa de izvor).<\/p>\n","protected":false},"excerpt":{"rendered":"<p>EXTRACT DE MALT BERE BLACK ROCK COLONIAL LAGER 1,7 KG<\/p>\n","protected":false},"featured_media":2004,"comment_status":"closed","ping_status":"closed","template":"","meta":[],"etheme_brands":[],"product_cat":[48,68],"product_tag":[],"class_list":{"0":"post-1899","1":"product","2":"type-product","3":"status-publish","4":"has-post-thumbnail","6":"product_cat-bere","7":"product_cat-extract-de-malt","9":"first","10":"outofstock","11":"sale","12":"shipping-taxable","13":"purchasable","14":"product-type-simple"},"jetpack_sharing_enabled":true,"_links":{"self":[{"href":"https:\/\/pc.uneltevinsibere.ro\/index.php?rest_route=\/wp\/v2\/product\/1899","targetHints":{"allow":["GET"]}}],"collection":[{"href":"https:\/\/pc.uneltevinsibere.ro\/index.php?rest_route=\/wp\/v2\/product"}],"about":[{"href":"https:\/\/pc.uneltevinsibere.ro\/index.php?rest_route=\/wp\/v2\/types\/product"}],"replies":[{"embeddable":true,"href":"https:\/\/pc.uneltevinsibere.ro\/index.php?rest_route=%2Fwp%2Fv2%2Fcomments&post=1899"}],"version-history":[{"count":1,"href":"https:\/\/pc.uneltevinsibere.ro\/index.php?rest_route=\/wp\/v2\/product\/1899\/revisions"}],"predecessor-version":[{"id":2006,"href":"https:\/\/pc.uneltevinsibere.ro\/index.php?rest_route=\/wp\/v2\/product\/1899\/revisions\/2006"}],"wp:featuredmedia":[{"embeddable":true,"href":"https:\/\/pc.uneltevinsibere.ro\/index.php?rest_route=\/wp\/v2\/media\/2004"}],"wp:attachment":[{"href":"https:\/\/pc.uneltevinsibere.ro\/index.php?rest_route=%2Fwp%2Fv2%2Fmedia&parent=1899"}],"wp:term":[{"taxonomy":"brand","embeddable":true,"href":"https:\/\/pc.uneltevinsibere.ro\/index.php?rest_route=%2Fwp%2Fv2%2Fetheme_brands&post=1899"},{"taxonomy":"product_cat","embeddable":true,"href":"https:\/\/pc.uneltevinsibere.ro\/index.php?rest_route=%2Fwp%2Fv2%2Fproduct_cat&post=1899"},{"taxonomy":"product_tag","embeddable":true,"href":"https:\/\/pc.uneltevinsibere.ro\/index.php?rest_route=%2Fwp%2Fv2%2Fproduct_tag&post=1899"}],"curies":[{"name":"wp","href":"https:\/\/api.w.org\/{rel}","templated":true}]}}