{"id":1463,"date":"2023-12-20T20:06:34","date_gmt":"2023-12-20T20:06:34","guid":{"rendered":"https:\/\/pc.uneltevinsibere.ro\/?post_type=product&#038;p=1463"},"modified":"2023-12-20T20:06:42","modified_gmt":"2023-12-20T20:06:42","slug":"electropompa-novax-20-by-pass","status":"publish","type":"product","link":"https:\/\/pc.uneltevinsibere.ro\/?product=electropompa-novax-20-by-pass","title":{"rendered":"ELECTROPOMPA NOVAX 20 BY-PASS"},"content":{"rendered":"<div id=\"short_description_block\">\n<div id=\"short_description_block\"><\/div>\n<h3>ELECTROPOMPA ROVER 20 BY-PASS<\/h3>\n<p>Pompa transvazare vin si alte lichide alimentare si nealimentare, Rover NOVAX 20 By-Pass, turbina alama inoxidabila, capacitate variabila cuprinsa Intre 800 &#8211; 1.700 L\/h, inaltime maxima refulare variabila Intre 12 &#8211; 24 m, diametru iesire turbina 20 mm. Motor monofazic la 220V cu putere de 350W la 2850 rpm, comutator de schimbare sens. Ele sunt reversibile, adica se poate schimba sensul de rotatie a rotorului, incat absortia sa devina refulare si invers. Pompa cantareste 5 kg.<\/p>\n<p>By-pass este un regulator manual care permite s\u0103 varieze debitul pompei electrice de la valoarea maxim\u0103 la aproximativ jum\u0103tate.Acest dispozitiv trebuie s\u0103 fie instalat \u00een fabric\u0103, astfel \u00eenc\u00e2t s\u0103 nu se poate comanda ca accesoriu.<\/p>\n<p>Ajustarea este dup\u0103 cum urmeaz\u0103: se deplaseaz\u0103 maneta complet spre st\u00e2nga, debitul pompei este valoarea maxim\u0103;\u00a0mi\u0219c\u00e2ndu-se gradual maneta spre dreapta, valoarea fluxului se micsoreaza p\u00e2n\u0103 la aproximativ jum\u0103tate &#8211; 50%.\u00a0Supapa de trecere trebuie s\u0103 fie \u00eenchisa \u00een timpul amorsari pompei.<\/p>\n<div id=\"short_description_content\" class=\"rte align_justify\"><\/div>\n<\/div>\n","protected":false},"excerpt":{"rendered":"<div id=\"moreinfo\" class=\"tm_productinner tab-pane active\">\n<p><label><\/label><span class=\"editable\"><br \/>\n<\/span><label for=\"manufacturer_name\">Producator : <\/label> <span class=\"editable\">Rover<br \/>\n<\/span>Turbina inoxidabila, reglare debit intre 800 &#8211; 1.700 l\/h ,stuturi\u00a0\u00d8 20mm<\/p>\n<table border=\"0\">\n<tbody>\n<tr>\n<td>Capacitate:<\/td>\n<td>1.700 l\/h<\/td>\n<\/tr>\n<tr>\n<td>Diametru intrare\/ie\u0219ire turbin\u0103:<\/td>\n<td>20 mm<\/td>\n<\/tr>\n<tr>\n<td>Putere maxim\u0103:<\/td>\n<td>0,5 CP<\/td>\n<\/tr>\n<tr>\n<td>Putere nominal\u0103:<\/td>\n<td>340 W<\/td>\n<\/tr>\n<tr>\n<td>Tensiune:<\/td>\n<td>230 V &#8211; 50 Hz<\/td>\n<\/tr>\n<tr>\n<td>\u00cen\u0103l\u021bime maxim\u0103 de refulare:<\/td>\n<td>25 m<\/td>\n<\/tr>\n<tr>\n<td>Tura\u021bie:<\/td>\n<td>2.850 rot\/min<\/td>\n<\/tr>\n<tr>\n<td>Dimensiuni (L x l x h):<\/td>\n<td>230 x 120 x 190 mm<\/td>\n<\/tr>\n<tr>\n<td>Greutate:<\/td>\n<td>5 kg<\/td>\n<\/tr>\n<tr>\n<td>Material turbin\u0103\/rotor:<\/td>\n<td>alama inoxidabila<\/td>\n<\/tr>\n<\/tbody>\n<\/table>\n<div id=\"short_description_block\"><\/div>\n<\/div>\n","protected":false},"featured_media":1501,"comment_status":"closed","ping_status":"closed","template":"","meta":[],"etheme_brands":[],"product_cat":[43,41],"product_tag":[],"class_list":{"0":"post-1463","1":"product","2":"type-product","3":"status-publish","4":"has-post-thumbnail","6":"product_cat-electropompe","7":"product_cat-vinificatie","9":"first","10":"instock","11":"shipping-taxable","12":"purchasable","13":"product-type-simple"},"jetpack_sharing_enabled":true,"_links":{"self":[{"href":"https:\/\/pc.uneltevinsibere.ro\/index.php?rest_route=\/wp\/v2\/product\/1463","targetHints":{"allow":["GET"]}}],"collection":[{"href":"https:\/\/pc.uneltevinsibere.ro\/index.php?rest_route=\/wp\/v2\/product"}],"about":[{"href":"https:\/\/pc.uneltevinsibere.ro\/index.php?rest_route=\/wp\/v2\/types\/product"}],"replies":[{"embeddable":true,"href":"https:\/\/pc.uneltevinsibere.ro\/index.php?rest_route=%2Fwp%2Fv2%2Fcomments&post=1463"}],"version-history":[{"count":1,"href":"https:\/\/pc.uneltevinsibere.ro\/index.php?rest_route=\/wp\/v2\/product\/1463\/revisions"}],"predecessor-version":[{"id":1506,"href":"https:\/\/pc.uneltevinsibere.ro\/index.php?rest_route=\/wp\/v2\/product\/1463\/revisions\/1506"}],"wp:featuredmedia":[{"embeddable":true,"href":"https:\/\/pc.uneltevinsibere.ro\/index.php?rest_route=\/wp\/v2\/media\/1501"}],"wp:attachment":[{"href":"https:\/\/pc.uneltevinsibere.ro\/index.php?rest_route=%2Fwp%2Fv2%2Fmedia&parent=1463"}],"wp:term":[{"taxonomy":"brand","embeddable":true,"href":"https:\/\/pc.uneltevinsibere.ro\/index.php?rest_route=%2Fwp%2Fv2%2Fetheme_brands&post=1463"},{"taxonomy":"product_cat","embeddable":true,"href":"https:\/\/pc.uneltevinsibere.ro\/index.php?rest_route=%2Fwp%2Fv2%2Fproduct_cat&post=1463"},{"taxonomy":"product_tag","embeddable":true,"href":"https:\/\/pc.uneltevinsibere.ro\/index.php?rest_route=%2Fwp%2Fv2%2Fproduct_tag&post=1463"}],"curies":[{"name":"wp","href":"https:\/\/api.w.org\/{rel}","templated":true}]}}